{"id":76,"date":"2023-08-03T11:50:06","date_gmt":"2023-08-03T10:50:06","guid":{"rendered":"https:\/\/jancorbero.cat\/?page_id=76"},"modified":"2025-08-27T11:42:19","modified_gmt":"2025-08-27T09:42:19","slug":"biografia","status":"publish","type":"page","link":"https:\/\/jancorbero.cat\/en\/biografia\/","title":{"rendered":"Bio"},"content":{"rendered":"<p>S\u00f3c un jove compositor nascut el 2003, i des de ben petit he mostrat inter\u00e8s i aptituds per la m\u00fasica. Vaig estudiar Piano al Conservatori de Terrassa durant 11 anys, en els quals vaig descobrir la meva passi\u00f3 per la composici\u00f3. Vaig acabar el Grau Professional el 2021 amb el Premi d\u2019Honor de Piano. Aquell mateix any vaig superar les proves d\u2019acc\u00e9s a l\u2019ESMUC en les especialitats de composici\u00f3 i piano, per\u00f2 la meva primera opci\u00f3 sempre havia estat composici\u00f3. Vaig estudiar 3 anys a l\u2019ESMUC amb l\u2019Albert Guinovart i el Bernat Vivancos com a professors principals de composici\u00f3. A m\u00e9s, vaig tenir classes amb professors com l\u2019Arnau Bataller i el Jos\u00e9 R\u00edo Pareja. Vaig fer un Erasmus d\u2019un semestre al Royal Conservatory of Antwerp i em van proposar continuar estudiant all\u00e0. L&#8217;any seg\u00fcent em vaig graduar al KCA sota la tutela de Steven Prengels i Bram Van Camp. Aquest any estic acabant l&#8217;\u00faltim curs del grau que em quedava a l&#8217;ESMUC per tenir els dos t\u00edtols.<\/p>\n\n\n\n<p>I have won the 2nd prize of the&nbsp;<em>6th International Composition Competition \u201cArtistes en Herbe\u201d<\/em>&nbsp;<em>Luxembourg<\/em>&nbsp;at&nbsp;<em>junior<\/em>&nbsp;de 16-19 anys. I el 1r Premi del Concurs de m\u00fasica popular i tradicional ARA I SEMPRE, en la categoria Ball de Pastorets i Ball de Panderos.<\/p>\n\n\n\n<p>Les meves obres han estat interpretades per Kebyart, l\u2019Albert Guinovart, l\u2019orquestra del Royal Conservatory of Antwerp, l&#8217;Ensemble XXI del Royal conservatory of Antwerp, l\u2019Ensemble de Cellos del Royal conservatory of Antwerp, l\u2019Ensemble de Saxos de l\u2019Esmuc, la Cobla Joven\u00edvola de Sabadell, el Cor de l\u2019Esmuc i l\u2019Orquestra del Conservatori de Terrassa.<\/p>\n\n\n\n<p>M\u2019apassiona la col\u00b7laboraci\u00f3 amb altres disciplines art\u00edstiques. He compost la m\u00fasica pel tr\u00e0iler <em>The immortal <\/em>i pel v\u00eddeojoc <em>Dream Machine<\/em>, projecte pel qual vaig enregistrar amb l\u2019Ensemble de Cellos del conservatori d\u2019Anvers. Durant el 2025, he compost la m\u00fasica per dos curtmetratges m\u00e9s que s&#8217;han d&#8217;estrenar.<\/p>\n\n\n\n<p>Vaig col\u00b7laborar amb dansaires del conservatori d&#8217;Anvers en un projecte interdisciplinari pel qual vaig escriure <em>Perpetuum mobile<\/em>.<\/p>\n\n\n\n<p>La m\u00fasica tradicional tamb\u00e9 m\u2019interessa molt: vaig compondre una sardana, estrenada per la Cobla Joven\u00edvola de Sabadell al marc del 123\u00e8 aniversari del parc del Tibidabo. <em>Ritual de la Terra<\/em> per a Ball de pastorets ha resultat l\u2019obra guanyadora del 1r Premi del Concurs de m\u00fasica popular i tradicional ARA I SEMPRE. Tamb\u00e9 he escrit un ball per a l\u2019\u00e0liga de Terrassa que es va estrenar a l&#8217;estiu del 2025.<\/p>\n\n\n\n<p>He fet de jurat al Concurs de Composici\u00f3 del Conservatori de Terrassa, de el pianista acompanyant del Cor Rossinyol, de professor particular d\u2019harmonia i piano, de transcriptor per l\u2019empresa My Sheet Music Transcriptions i d\u2019arranjador pel cor Fil de Notes.<\/p>\n\n\n\n<p>S\u00f3c una persona amb moltes inquietuds, i he estat organitzador i responsable del LabArt 2 anys (un casal d\u2019estiu art\u00edstic per a joves que es fa a Terrassa). M\u2019interessen tots els g\u00e8neres de la m\u00fasica i l\u2019art, i sempre estic a punt per comen\u00e7ar nous projectes!<\/p>\n\n\n\n<h2 class=\"wp-block-heading\">Photo gallery<\/h2>\n\n\n\n<p>Click to open the photo<\/p>\n\n\n<div id=\"metaslider-id-358\" style=\"width: 100%;\" class=\"ml-slider-3-92-0 metaslider metaslider-flex metaslider-358 ml-slider ms-theme-default\" role=\"region\" aria-roledescription=\"Slideshow\" aria-label=\"Gallery\">\n    <div id=\"metaslider_container_358\">\n        <div id=\"metaslider_358\">\n            <ul class='slides'>\n                <li style=\"display: none; width: 100%;\" class=\"slide-383 ms-image\" aria-roledescription=\"slide\" aria-label=\"slide-383\"><a href=\"https:\/\/jancorbero.cat\/wp-content\/uploads\/2024\/10\/DSC0565.jpg\" target=\"_blank\" class=\"metaslider_image_link\"><img loading=\"lazy\" decoding=\"async\" src=\"https:\/\/jancorbero.cat\/wp-content\/uploads\/2024\/10\/DSC0565-scaled-400x400.jpg\" height=\"400\" width=\"400\" alt=\"\" class=\"slider-358 slide-383\" \/><\/a><div class=\"caption-wrap\"><div class=\"caption\">Tine Vromant<\/div><\/div><\/li>\n                <li style=\"display: none; width: 100%;\" class=\"slide-379 ms-image\" aria-roledescription=\"slide\" aria-label=\"slide-379\"><a href=\"https:\/\/jancorbero.cat\/wp-content\/uploads\/2024\/10\/DSC_0006.png\" target=\"_blank\" class=\"metaslider_image_link\"><img loading=\"lazy\" decoding=\"async\" src=\"https:\/\/jancorbero.cat\/wp-content\/uploads\/2024\/10\/DSC_0006-400x400.png\" height=\"400\" width=\"400\" alt=\"\" class=\"slider-358 slide-379\" title=\"DSC_0006\" \/><\/a><\/li>\n                <li style=\"display: none; width: 100%;\" class=\"slide-382 ms-image\" aria-roledescription=\"slide\" aria-label=\"slide-382\"><a href=\"https:\/\/jancorbero.cat\/wp-content\/uploads\/2024\/10\/DSC0508.jpg\" target=\"_blank\" class=\"metaslider_image_link\"><img loading=\"lazy\" decoding=\"async\" src=\"https:\/\/jancorbero.cat\/wp-content\/uploads\/2024\/10\/DSC0508-scaled-400x400.jpg\" height=\"400\" width=\"400\" alt=\"\" class=\"slider-358 slide-382\" \/><\/a><div class=\"caption-wrap\"><div class=\"caption\">Tine Vromant<\/div><\/div><\/li>\n                <li style=\"display: none; width: 100%;\" class=\"slide-377 ms-image\" aria-roledescription=\"slide\" aria-label=\"slide-377\"><a href=\"https:\/\/jancorbero.cat\/wp-content\/uploads\/2024\/10\/DSC_0045-2.jpg\" target=\"_blank\" class=\"metaslider_image_link\"><img loading=\"lazy\" decoding=\"async\" src=\"https:\/\/jancorbero.cat\/wp-content\/uploads\/2024\/10\/DSC_0045-2-scaled-400x400.jpg\" height=\"400\" width=\"400\" alt=\"\" class=\"slider-358 slide-377\" title=\"DSC_0045 2\" \/><\/a><\/li>\n                <li style=\"display: none; width: 100%;\" class=\"slide-373 ms-image\" aria-roledescription=\"slide\" aria-label=\"slide-373\"><a href=\"https:\/\/jancorbero.cat\/wp-content\/uploads\/2024\/10\/DSC_0054-1.jpg\" target=\"_blank\" class=\"metaslider_image_link\"><img loading=\"lazy\" decoding=\"async\" src=\"https:\/\/jancorbero.cat\/wp-content\/uploads\/2024\/10\/DSC_0054-1-400x400.jpg\" height=\"400\" width=\"400\" alt=\"\" class=\"slider-358 slide-373\" title=\"DSC_0054 1\" \/><\/a><\/li>\n                <li style=\"display: none; width: 100%;\" class=\"slide-371 ms-image\" aria-roledescription=\"slide\" aria-label=\"slide-371\"><a href=\"https:\/\/jancorbero.cat\/wp-content\/uploads\/2024\/10\/DSC_0039.jpg\" target=\"_blank\" class=\"metaslider_image_link\"><img loading=\"lazy\" decoding=\"async\" src=\"https:\/\/jancorbero.cat\/wp-content\/uploads\/2024\/10\/DSC_0039-scaled-400x400.jpg\" height=\"400\" width=\"400\" alt=\"\" class=\"slider-358 slide-371\" title=\"DSC_0039\" \/><\/a><\/li>\n                <li style=\"display: none; width: 100%;\" class=\"slide-359 ms-image\" aria-roledescription=\"slide\" aria-label=\"slide-359\"><a href=\"https:\/\/jancorbero.cat\/wp-content\/uploads\/2023\/08\/DSC_0066.jpg\" target=\"_blank\" class=\"metaslider_image_link\"><img loading=\"lazy\" decoding=\"async\" src=\"https:\/\/jancorbero.cat\/wp-content\/uploads\/2023\/08\/DSC_0066-scaled-400x400.jpg\" height=\"400\" width=\"400\" alt=\"\" class=\"slider-358 slide-359\" title=\"DSC_0066\" \/><\/a><\/li>\n                <li style=\"display: none; width: 100%;\" class=\"slide-378 ms-image\" aria-roledescription=\"slide\" aria-label=\"slide-378\"><a href=\"https:\/\/jancorbero.cat\/wp-content\/uploads\/2024\/10\/IMG-20221226-WA0003.jpg\" target=\"_blank\" class=\"metaslider_image_link\"><img loading=\"lazy\" decoding=\"async\" src=\"https:\/\/jancorbero.cat\/wp-content\/uploads\/2024\/10\/IMG-20221226-WA0003-400x400.jpg\" height=\"400\" width=\"400\" alt=\"\" class=\"slider-358 slide-378\" title=\"IMG-20221226-WA0003\" \/><\/a><\/li>\n                <li style=\"display: none; width: 100%;\" class=\"slide-363 ms-image\" aria-roledescription=\"slide\" aria-label=\"slide-363\"><a href=\"https:\/\/jancorbero.cat\/wp-content\/uploads\/2023\/08\/DSC_0198-editada.jpg\" target=\"_blank\" class=\"metaslider_image_link\"><img loading=\"lazy\" decoding=\"async\" src=\"https:\/\/jancorbero.cat\/wp-content\/uploads\/2023\/08\/DSC_0198-editada-400x400.jpg\" height=\"400\" width=\"400\" alt=\"\" class=\"slider-358 slide-363\" title=\"Luxembourg\" \/><\/a><\/li>\n                <li style=\"display: none; width: 100%;\" class=\"slide-362 ms-image\" aria-roledescription=\"slide\" aria-label=\"slide-362\"><a href=\"https:\/\/jancorbero.cat\/wp-content\/uploads\/2023\/06\/DSC_00275.jpg\" target=\"_blank\" class=\"metaslider_image_link\"><img loading=\"lazy\" decoding=\"async\" src=\"https:\/\/jancorbero.cat\/wp-content\/uploads\/2023\/06\/DSC_00275-scaled-400x400.jpg\" height=\"400\" width=\"400\" alt=\"\" class=\"slider-358 slide-362\" title=\"DSC_0027(5)\" \/><\/a><\/li>\n            <\/ul>\n        <\/div>\n        \n    <\/div>\n<\/div>\n\n\n\n<p><\/p>","protected":false},"excerpt":{"rendered":"<p>S\u00f3c un jove compositor nascut el 2003, i des de ben petit he mostrat inter\u00e8s i aptituds per la m\u00fasica. Vaig estudiar Piano al Conservatori de Terrassa durant 11 anys, en els quals vaig descobrir la meva passi\u00f3 per la composici\u00f3. Vaig acabar el Grau Professional el 2021 amb el Premi d\u2019Honor de Piano. Aquell [&hellip;]<\/p>","protected":false},"author":1,"featured_media":0,"parent":0,"menu_order":0,"comment_status":"closed","ping_status":"closed","template":"page-with-full-width","meta":{"footnotes":""},"class_list":["post-76","page","type-page","status-publish","hentry"],"_links":{"self":[{"href":"https:\/\/jancorbero.cat\/en\/wp-json\/wp\/v2\/pages\/76","targetHints":{"allow":["GET"]}}],"collection":[{"href":"https:\/\/jancorbero.cat\/en\/wp-json\/wp\/v2\/pages"}],"about":[{"href":"https:\/\/jancorbero.cat\/en\/wp-json\/wp\/v2\/types\/page"}],"author":[{"embeddable":true,"href":"https:\/\/jancorbero.cat\/en\/wp-json\/wp\/v2\/users\/1"}],"replies":[{"embeddable":true,"href":"https:\/\/jancorbero.cat\/en\/wp-json\/wp\/v2\/comments?post=76"}],"version-history":[{"count":26,"href":"https:\/\/jancorbero.cat\/en\/wp-json\/wp\/v2\/pages\/76\/revisions"}],"predecessor-version":[{"id":467,"href":"https:\/\/jancorbero.cat\/en\/wp-json\/wp\/v2\/pages\/76\/revisions\/467"}],"wp:attachment":[{"href":"https:\/\/jancorbero.cat\/en\/wp-json\/wp\/v2\/media?parent=76"}],"curies":[{"name":"wp","href":"https:\/\/api.w.org\/{rel}","templated":true}]}}