{"id":199,"date":"2023-10-26T11:45:48","date_gmt":"2023-10-26T09:45:48","guid":{"rendered":"https:\/\/jancorbero.cat\/?page_id=199"},"modified":"2025-02-25T01:49:42","modified_gmt":"2025-02-24T23:49:42","slug":"obra","status":"publish","type":"page","link":"https:\/\/jancorbero.cat\/en\/obra\/","title":{"rendered":"Work"},"content":{"rendered":"<details class=\"wp-block-details has-x-large-font-size is-layout-flow wp-container-core-details-is-layout-8a368f38 wp-block-details-is-layout-flow\" style=\"font-style:normal;font-weight:700\"><summary>Obra &#8220;de concert&#8221;<\/summary>\n<div class=\"wp-block-group is-layout-flow wp-container-core-group-is-layout-e603688c wp-block-group-is-layout-flow\" style=\"margin-top:0;margin-bottom:0;padding-top:0;padding-right:0;padding-bottom:0;padding-left:0\">\n<p class=\"has-medium-font-size\">Enmig la boira (2024)<\/p>\n\n\n\n<p class=\"has-text-align-left has-small-font-size\" style=\"font-style:normal;font-weight:400\"><strong>Instrumentaci\u00f3:<\/strong> piano i veu<\/p>\n\n\n\n<p class=\"has-small-font-size\" style=\"font-style:normal;font-weight:400\"><strong>Durada:<\/strong> 2:45<\/p>\n\n\n\n<p class=\"has-small-font-size\" style=\"font-style:normal;font-weight:400\">Aquesta breu pe\u00e7a va ser composta per al projecte de composici\u00f3 vocal Open Doors a Royal Conservatory of Antwerp. El text, de Xavier Serrahima, parla de la boira, la llum i la foscor. La meva m\u00fasica representa la boira amb una atmosfera est\u00e0tica que evoluciona cap a la llum enlluernadora descrita en el text.<\/p>\n\n\n\n<p class=\"has-small-font-size\" style=\"font-style:normal;font-weight:400\"><\/p>\n\n\n\n<figure class=\"wp-block-embed is-type-video is-provider-youtube wp-block-embed-youtube wp-embed-aspect-16-9 wp-has-aspect-ratio\" style=\"margin-top:var(--wp--preset--spacing--40);margin-right:0;margin-bottom:var(--wp--preset--spacing--40);margin-left:0\"><div class=\"wp-block-embed__wrapper\">\n<iframe loading=\"lazy\" title=\"Jan Corber\u00f3 - Enmig la boira (Among the mist)\" width=\"500\" height=\"281\" src=\"https:\/\/www.youtube.com\/embed\/3aZygt1Rzec?feature=oembed\" frameborder=\"0\" allow=\"accelerometer; autoplay; clipboard-write; encrypted-media; gyroscope; picture-in-picture; web-share\" referrerpolicy=\"strict-origin-when-cross-origin\" allowfullscreen><\/iframe>\n<\/div><\/figure>\n<\/div>\n\n\n\n<div class=\"wp-block-group is-layout-flow wp-container-core-group-is-layout-e603688c wp-block-group-is-layout-flow\" style=\"margin-top:0;margin-bottom:0;padding-top:0;padding-right:0;padding-bottom:0;padding-left:0\">\n<p class=\"has-medium-font-size\">Subtracci\u00f3 crom\u00e0tica (2023)<\/p>\n\n\n\n<p class=\"has-small-font-size\" style=\"font-style:normal;font-weight:400\"><strong>Instrumentaci\u00f3:<\/strong> 3 quartets de saxos (SATBr-SATB-SATBr)<\/p>\n\n\n\n<p class=\"has-small-font-size\" style=\"font-style:normal;font-weight:400\"><strong>Durada:<\/strong> 7:10<\/p>\n\n\n\n<p class=\"has-small-font-size\" style=\"font-style:normal;font-weight:400\">\u00c9s una visi\u00f3 personal dels colors i les seves barreges traslladada a la m\u00fasica. Seguint la s\u00edntesi subtractiva del color (la que aplica a les mescles de pigments que es donen a la pintura o la impressi\u00f3), barrejant els tres colors primaris purs sobre un fons blanc es poden obtenir tots els colors possibles. Aquests colors primaris s\u00f3n el Magenta, el Blau Cyan i el Groc. <\/p>\n\n\n\n<p class=\"has-small-font-size\" style=\"font-style:normal;font-weight:400\">The ensemble of 12 saxophones is divided into 3 quartets, each representing a primary color. At first, these three colors are presented. Each one has its own harmony, sonority and character, very different from each other. The choice of these characteristics is completely subjective and the result of my synesthesia of how I imagine each color sounds. Then, they start mixing, creating new tonalities (and sonorities). These mixtures maintain the characteristic elements of the colors that compose them. In the same way that in painting the color purple arises from the mixture of blue and magenta, in my work its sonority and character will also be an emergent phenomenon of the musical material of the colors that compose each one.<\/p>\n\n\n\n<p class=\"has-small-font-size\" style=\"font-style:normal;font-weight:400\">The work ends with the mixture of the 3 colors, resulting in black. <\/p>\n\n\n\n<p class=\"has-small-font-size\" style=\"font-style:normal;font-weight:400\">Va ser estrenada a la Sala 4 de l\u2019Auditori de Barcelona&nbsp;per Kebyart i l\u2019Ensemble de Saxos de l\u2019Esmuc al marc del projecte pedag\u00f2gic Kebyart meets\u2026 Esmuc Saxo Ensamble. Aquest projecte \u00e9s una masterclass de m\u00fasica de cambra del prestigi\u00f3s quartet Kebyart als estudiants de l&#8217;Esmuc.<\/p>\n\n\n\n<figure class=\"wp-block-embed is-type-video is-provider-youtube wp-block-embed-youtube wp-embed-aspect-16-9 wp-has-aspect-ratio\" style=\"margin-top:var(--wp--preset--spacing--40);margin-right:0;margin-bottom:var(--wp--preset--spacing--40);margin-left:0\"><div class=\"wp-block-embed__wrapper\">\n<iframe loading=\"lazy\" title=\"Jan Corber\u00f3 - Subtracci\u00f3 Crom\u00e0tica | Kebyart meets... Esmuc saxo ensemble 2024\" width=\"500\" height=\"281\" src=\"https:\/\/www.youtube.com\/embed\/3Ll3dthYj6w?feature=oembed\" frameborder=\"0\" allow=\"accelerometer; autoplay; clipboard-write; encrypted-media; gyroscope; picture-in-picture; web-share\" referrerpolicy=\"strict-origin-when-cross-origin\" allowfullscreen><\/iframe>\n<\/div><\/figure>\n<\/div>\n\n\n\n<div class=\"wp-block-group is-layout-flow wp-container-core-group-is-layout-e603688c wp-block-group-is-layout-flow\" style=\"margin-top:0;margin-bottom:0;padding-top:0;padding-right:0;padding-bottom:0;padding-left:0\">\n<p class=\"has-medium-font-size\">M\u00e9s enll\u00e0 de La S\u00e9nia (2023)<\/p>\n\n\n\n<p class=\"has-small-font-size\" style=\"font-style:normal;font-weight:400\"><strong>Instrumentaci\u00f3:<\/strong> Cobla<\/p>\n\n\n\n<p class=\"has-small-font-size\" style=\"font-style:normal;font-weight:400\"><strong>Durada:<\/strong> 5:45 <\/p>\n\n\n\n<p class=\"has-small-font-size\" style=\"font-style:normal;font-weight:400\">\u00c9s la meva primera sardana i composici\u00f3 per a cobla. He compost d&#8217;una obra tradicional amb un toc personal. Mant\u00e9 l\u2019estructura i car\u00e0cter propis del g\u00e8nere per\u00f2 amb algunes influ\u00e8ncies de la m\u00fasica dels Estats Units. He jugat a combinar els ritmes i harmonies propis de la sardana i el Jazz.<\/p>\n\n\n\n<p class=\"has-small-font-size\" style=\"font-style:normal;font-weight:400\">La S\u00e9nia \u00e9s el municipi m\u00e9s occidental de Catalunya, aix\u00ed que el nom M\u00e9s enll\u00e0 de la S\u00e9nia reflecteix la barreja entre la cultura catalana i les m\u00fasiques de l\u2019oest. Es va estrenar al marc del 123\u00e8 aniversari del parc d\u2019atraccions del Tibidabo per la Cobla Joven\u00edvola de Sabadell.<\/p>\n\n\n\n<figure class=\"wp-block-embed is-type-video is-provider-youtube wp-block-embed-youtube wp-embed-aspect-4-3 wp-has-aspect-ratio\" style=\"margin-top:var(--wp--preset--spacing--40);margin-right:0;margin-bottom:var(--wp--preset--spacing--40);margin-left:0\"><div class=\"wp-block-embed__wrapper\">\n<iframe loading=\"lazy\" title=\"Jan Corber\u00f3 - M\u00e9s enll\u00e0 de la S\u00e9nia | Cobla Joven\u00edvola de Sabadell\" width=\"500\" height=\"375\" src=\"https:\/\/www.youtube.com\/embed\/oegPFGMvY5c?feature=oembed\" frameborder=\"0\" allow=\"accelerometer; autoplay; clipboard-write; encrypted-media; gyroscope; picture-in-picture; web-share\" referrerpolicy=\"strict-origin-when-cross-origin\" allowfullscreen><\/iframe>\n<\/div><\/figure>\n\n\n\n<p class=\"has-medium-font-size\">Classe de piano a l&#8217;1B6 (2022-23)<\/p>\n\n\n\n<p class=\"has-small-font-size\" style=\"font-style:normal;font-weight:400\"><strong>Instrumentaci\u00f3:<\/strong> 2 pianos<\/p>\n\n\n\n<p class=\"has-small-font-size\" style=\"font-style:normal;font-weight:400\"><strong>Durada:<\/strong> 11:00<\/p>\n\n\n\n<p class=\"has-small-font-size\" style=\"font-style:normal;font-weight:400\">\u00c9s l&#8217;obra guanyadora del 2n premi del 6\u00e8 Concurs Internacional de Composici\u00f3 <em>Artistes en Herbe<\/em> Luxembourg 2023 de la categoria junior (16-19 anys). Est\u00e0 dedicada al meu antic professor de piano Llu\u00eds Alcal\u00e0 Visiedo, que va haver d&#8217;afrontar dificultats m\u00e8diques. Aquesta obra representa una obra de piano, amb un dels pianos representant el professor i l&#8217;altre l&#8217;alumne. Consta de 3 moviments en l&#8217;estructura cl\u00e0ssica. Cada moviment est\u00e0 basat en una obra que hav\u00edem treballat a classe, i est\u00e0 constru\u00eft a partir de motius extrets d&#8217;aquestes desenvolupats.<\/p>\n\n\n\n<p class=\"has-small-font-size\" style=\"font-style:normal;font-weight:400\">La vaig estrenar i enregistrar amb l&#8217;Albert Guinovart, que era el meu professor de composici\u00f3 del moment, i refor\u00e7ava el s\u00edmbol de l&#8217;obra d&#8217;estudiant-professor.<\/p>\n\n\n\n<div class=\"wp-block-group is-layout-grid wp-container-core-group-is-layout-2931688a wp-block-group-is-layout-grid\">\n<figure class=\"wp-block-embed is-type-video is-provider-youtube wp-block-embed-youtube wp-embed-aspect-4-3 wp-has-aspect-ratio\" style=\"margin-top:var(--wp--preset--spacing--40);margin-right:0;margin-bottom:var(--wp--preset--spacing--40);margin-left:0\"><div class=\"wp-block-embed__wrapper\">\n<iframe loading=\"lazy\" title=\"La segona sonata del gran B\" width=\"500\" height=\"375\" src=\"https:\/\/www.youtube.com\/embed\/4hVAI8RCv0Y?feature=oembed\" frameborder=\"0\" allow=\"accelerometer; autoplay; clipboard-write; encrypted-media; gyroscope; picture-in-picture; web-share\" referrerpolicy=\"strict-origin-when-cross-origin\" allowfullscreen><\/iframe>\n<\/div><\/figure>\n\n\n\n<figure class=\"wp-block-embed is-type-video is-provider-youtube wp-block-embed-youtube wp-embed-aspect-4-3 wp-has-aspect-ratio\" style=\"margin-top:var(--wp--preset--spacing--40);margin-right:0;margin-bottom:var(--wp--preset--spacing--40);margin-left:0\"><div class=\"wp-block-embed__wrapper\">\n<iframe loading=\"lazy\" title=\"Preludi i fuga del vell B\" width=\"500\" height=\"375\" src=\"https:\/\/www.youtube.com\/embed\/SfT7TMzqnsY?list=OLAK5uy_mhkvRSuY7Lb7QH5ttmJGoHZ3hiFyAb9rc\" frameborder=\"0\" allow=\"accelerometer; autoplay; clipboard-write; encrypted-media; gyroscope; picture-in-picture; web-share\" referrerpolicy=\"strict-origin-when-cross-origin\" allowfullscreen><\/iframe>\n<\/div><\/figure>\n\n\n\n<figure class=\"wp-block-embed is-type-video is-provider-youtube wp-block-embed-youtube wp-embed-aspect-4-3 wp-has-aspect-ratio\" style=\"margin-top:var(--wp--preset--spacing--40);margin-right:0;margin-bottom:var(--wp--preset--spacing--40);margin-left:0\"><div class=\"wp-block-embed__wrapper\">\n<iframe loading=\"lazy\" title=\"El rond\u00f3 exquisit\" width=\"500\" height=\"375\" src=\"https:\/\/www.youtube.com\/embed\/YPSQXCnAVBs?list=OLAK5uy_mhkvRSuY7Lb7QH5ttmJGoHZ3hiFyAb9rc\" frameborder=\"0\" allow=\"accelerometer; autoplay; clipboard-write; encrypted-media; gyroscope; picture-in-picture; web-share\" referrerpolicy=\"strict-origin-when-cross-origin\" allowfullscreen><\/iframe>\n<\/div><\/figure>\n<\/div>\n\n\n\n<p><\/p>\n<\/div>\n<\/details>\n\n\n\n<div class=\"wp-block-group is-vertical is-layout-flex wp-container-core-group-is-layout-fe9cc265 wp-block-group-is-layout-flex\">\n<div class=\"wp-block-group is-vertical is-layout-flex wp-container-core-group-is-layout-fe9cc265 wp-block-group-is-layout-flex\">\n<figure class=\"wp-block-embed is-type-video is-provider-youtube wp-block-embed-youtube wp-embed-aspect-16-9 wp-has-aspect-ratio\"><div class=\"wp-block-embed__wrapper\">\n<iframe loading=\"lazy\" title=\"The Immortal | La Kabra Studio - OST by Jan Corber\u00f3\" width=\"500\" height=\"281\" src=\"https:\/\/www.youtube.com\/embed\/mvAwwv3mu7A?feature=oembed\" frameborder=\"0\" allow=\"accelerometer; autoplay; clipboard-write; encrypted-media; gyroscope; picture-in-picture; web-share\" referrerpolicy=\"strict-origin-when-cross-origin\" allowfullscreen><\/iframe>\n<\/div><\/figure>\n<\/div>\n<\/div>\n\n\n\n<details class=\"wp-block-details has-x-large-font-size is-layout-flow wp-container-core-details-is-layout-8a368f38 wp-block-details-is-layout-flow\" style=\"font-style:normal;font-weight:700\"><summary>M\u00fasica per a mitjans audiovisuals<\/summary>\n<div class=\"wp-block-group is-layout-flow wp-container-core-group-is-layout-e603688c wp-block-group-is-layout-flow\" style=\"margin-top:0;margin-bottom:0;padding-top:0;padding-right:0;padding-bottom:0;padding-left:0\">\n<p class=\"has-medium-font-size\">Dream machine (2024)<\/p>\n\n\n\n<p class=\"has-small-font-size\" style=\"font-style:normal;font-weight:400\">Tal com indica el nom, <em>Dream Machine<\/em> \u00e9s un videojoc contemplatiu amb gr\u00e0fics (sur)realistes que t\u00e9 lloc en una habitaci\u00f3 i et submergeix en un somni. Equipat amb una c\u00e0mera, el teu objectiu ser\u00e0 descobrir tots els secrets que amaga aquesta estan\u00e7a i immortalitzar-los fent fotografies.<\/p>\n\n\n\n<p class=\"has-small-font-size\" style=\"font-style:normal;font-weight:400\">Parets que s\u2019inflen, figures que apareixen o pintures abstractes s\u00f3n nom\u00e9s alguns dels elements que trobar\u00e0s en les cinc escenes que t\u00e9 el v\u00eddeojoc. Haur\u00e0s de buscar i interactuar amb els objectes que desencadenen cadascuna de les escenes per tal de veure-les totes. La combinaci\u00f3 de misteri, surrealisme, bellesa i inquietud fa d\u2019aquest joc una experi\u00e8ncia \u00fanica.<\/p>\n\n\n\n<p class=\"has-small-font-size\" style=\"font-style:normal;font-weight:400\">La m\u00fasica de l\u2019habitaci\u00f3 crea una atmosfera densa d\u2019inquietud i gaireb\u00e9 claustrof\u00f2bia. Cada escena t\u00e9 una banda sonora i personalitat pr\u00f2pia en funci\u00f3 del que hi passa. Les t\u00e8cniques esteses dels violoncels li donen un punt experimental que s\u2019integra amb els elements visuals abstractes. <\/p>\n\n\n\n<p class=\"has-small-font-size\" style=\"font-style:normal;font-weight:400\">Vaig tenir la possibilitat d&#8217;enregistrar amb &nbsp;l\u2019Ensemble de cellos del Royal Conservatory of Antwerp, fet que li dona de m\u00e9s realisme i expressivitat.<\/p>\n\n\n\n<p class=\"has-small-font-size\" style=\"font-style:normal;font-weight:400\">Idea: Steven Van Den Borne <\/p>\n\n\n\n<p class=\"has-small-font-size\" style=\"font-style:normal;font-weight:400\">Programaci\u00f3: Donan Camerlynck, Michiel Dewachtere, Tom Vandenberghe<\/p>\n\n\n\n<p class=\"has-small-font-size\" style=\"font-style:normal;font-weight:400\">Art: Cagla Akcay, Juozas Pelakauskas, Tom Vandenberghe<\/p>\n\n\n\n<p class=\"has-small-font-size\" style=\"font-style:normal;font-weight:400\"> M\u00fasica: Jan Corber\u00f3<\/p>\n\n\n\n<figure class=\"wp-block-embed is-type-video is-provider-youtube wp-block-embed-youtube wp-embed-aspect-16-9 wp-has-aspect-ratio\" style=\"margin-top:var(--wp--preset--spacing--40);margin-right:0;margin-bottom:var(--wp--preset--spacing--40);margin-left:0\"><div class=\"wp-block-embed__wrapper\">\n<iframe loading=\"lazy\" title=\"Dream Machine Gameplay | OST by Jan Corber\u00f3\" width=\"500\" height=\"281\" src=\"https:\/\/www.youtube.com\/embed\/8-D6vl0HLs0?feature=oembed\" frameborder=\"0\" allow=\"accelerometer; autoplay; clipboard-write; encrypted-media; gyroscope; picture-in-picture; web-share\" referrerpolicy=\"strict-origin-when-cross-origin\" allowfullscreen><\/iframe>\n<\/div><\/figure>\n<\/div>\n\n\n\n<div class=\"wp-block-group is-layout-flow wp-container-core-group-is-layout-e603688c wp-block-group-is-layout-flow\" style=\"margin-top:0;margin-bottom:0;padding-top:0;padding-right:0;padding-bottom:0;padding-left:0\">\n<p class=\"has-medium-font-size\">The immortal (2023)<\/p>\n\n\n\n<p class=\"has-small-font-size\" style=\"font-style:normal;font-weight:400\">Un guerrer immortal, cansat de viure eternament, est\u00e0 fart de la seva exist\u00e8ncia. Per a ell, la immortalitat s\u2019ha convertit en una aut\u00e8ntica maledicci\u00f3. Ha vist com les persones que estimava desapareixien amb el pas del temps, ha presenciat el naixement i la caiguda de regnes sencers, i ha arribat a la conclusi\u00f3 que la vida no t\u00e9 sentit sense la mort. \u00c9s un tr\u00e0iler d&#8217;animaci\u00f3 d&#8217;un joc fictici. Es va idear i completament i crear els personantges i la hist\u00f2ria per\u00f2 al final no es va crear. <\/p>\n\n\n\n<p class=\"has-small-font-size\" style=\"font-style:normal;font-weight:400\">La banda sonora del tr\u00e0iler comen\u00e7a reflectint la bellesa i serenor de la natura d\u2019aquest m\u00f3n inventat, i evoluciona cap a una sonoritat m\u00e9s \u00e8pica i intensa, incorporant sons de guerra i espases, simbolitzant els conflictes i la lluita interna del guerrer immortal.<\/p>\n\n\n\n<p class=\"has-small-font-size\" style=\"font-style:normal;font-weight:400\">Creadors del joc i animadors: Joan Casas, Artur Font, Ferran Galocha i Marc Heras.<\/p>\n\n\n\n<figure class=\"wp-block-embed is-type-video is-provider-youtube wp-block-embed-youtube wp-embed-aspect-16-9 wp-has-aspect-ratio\" style=\"margin-top:var(--wp--preset--spacing--40);margin-right:0;margin-bottom:var(--wp--preset--spacing--40);margin-left:0\"><div class=\"wp-block-embed__wrapper\">\n<iframe loading=\"lazy\" title=\"The Immortal | La Kabra Studio - OST by Jan Corber\u00f3\" width=\"500\" height=\"281\" src=\"https:\/\/www.youtube.com\/embed\/mvAwwv3mu7A?feature=oembed\" frameborder=\"0\" allow=\"accelerometer; autoplay; clipboard-write; encrypted-media; gyroscope; picture-in-picture; web-share\" referrerpolicy=\"strict-origin-when-cross-origin\" allowfullscreen><\/iframe>\n<\/div><\/figure>\n<\/div>\n\n\n\n<p><\/p>\n<\/details>\n\n\n\n<p><\/p>","protected":false},"excerpt":{"rendered":"","protected":false},"author":1,"featured_media":0,"parent":0,"menu_order":0,"comment_status":"closed","ping_status":"closed","template":"","meta":{"footnotes":""},"class_list":["post-199","page","type-page","status-publish","hentry"],"_links":{"self":[{"href":"https:\/\/jancorbero.cat\/en\/wp-json\/wp\/v2\/pages\/199","targetHints":{"allow":["GET"]}}],"collection":[{"href":"https:\/\/jancorbero.cat\/en\/wp-json\/wp\/v2\/pages"}],"about":[{"href":"https:\/\/jancorbero.cat\/en\/wp-json\/wp\/v2\/types\/page"}],"author":[{"embeddable":true,"href":"https:\/\/jancorbero.cat\/en\/wp-json\/wp\/v2\/users\/1"}],"replies":[{"embeddable":true,"href":"https:\/\/jancorbero.cat\/en\/wp-json\/wp\/v2\/comments?post=199"}],"version-history":[{"count":25,"href":"https:\/\/jancorbero.cat\/en\/wp-json\/wp\/v2\/pages\/199\/revisions"}],"predecessor-version":[{"id":456,"href":"https:\/\/jancorbero.cat\/en\/wp-json\/wp\/v2\/pages\/199\/revisions\/456"}],"wp:attachment":[{"href":"https:\/\/jancorbero.cat\/en\/wp-json\/wp\/v2\/media?parent=199"}],"curies":[{"name":"wp","href":"https:\/\/api.w.org\/{rel}","templated":true}]}}