{"id":142,"date":"2023-08-05T11:47:32","date_gmt":"2023-08-05T10:47:32","guid":{"rendered":"https:\/\/jancorbero.cat\/?page_id=142"},"modified":"2025-02-24T11:19:21","modified_gmt":"2025-02-24T09:19:21","slug":"construccio","status":"publish","type":"page","link":"https:\/\/jancorbero.cat\/en\/construccio\/","title":{"rendered":"En construcci\u00f3"},"content":{"rendered":"<main class=\"wp-block-group has-global-padding is-layout-constrained wp-block-group-is-layout-constrained\" style=\"padding-top:var(--wp--preset--spacing--80);padding-bottom:var(--wp--preset--spacing--80)\">\n<div class=\"wp-block-group has-global-padding is-layout-constrained wp-block-group-is-layout-constrained\">\n<h2 class=\"wp-block-heading has-text-align-center\" style=\"font-size:clamp(2.876rem, 2.876rem + ((1vw - 0.2rem) * 4.953), 5.6rem);\">Page under construction<\/h2>\n\n\n\n<h2 class=\"wp-block-heading has-text-align-center\">Page under construction<\/h2>\n\n\n\n<div class=\"wp-block-buttons is-content-justification-center is-layout-flex wp-container-core-buttons-is-layout-a89b3969 wp-block-buttons-is-layout-flex\">\n<div class=\"wp-block-button\"><a class=\"wp-block-button__link has-luminous-vivid-orange-background-color has-background has-text-align-center wp-element-button\">Return Home<\/a><\/div>\n<\/div>\n<\/div>\n\n\n\n<div style=\"height:40px\" aria-hidden=\"true\" class=\"wp-block-spacer\"><\/div>\n<\/main>","protected":false},"excerpt":{"rendered":"<p>En construcci\u00f3! P\u00e0gina en construcci\u00f3<\/p>","protected":false},"author":1,"featured_media":0,"parent":0,"menu_order":0,"comment_status":"closed","ping_status":"closed","template":"","meta":{"footnotes":""},"class_list":["post-142","page","type-page","status-publish","hentry"],"_links":{"self":[{"href":"https:\/\/jancorbero.cat\/en\/wp-json\/wp\/v2\/pages\/142","targetHints":{"allow":["GET"]}}],"collection":[{"href":"https:\/\/jancorbero.cat\/en\/wp-json\/wp\/v2\/pages"}],"about":[{"href":"https:\/\/jancorbero.cat\/en\/wp-json\/wp\/v2\/types\/page"}],"author":[{"embeddable":true,"href":"https:\/\/jancorbero.cat\/en\/wp-json\/wp\/v2\/users\/1"}],"replies":[{"embeddable":true,"href":"https:\/\/jancorbero.cat\/en\/wp-json\/wp\/v2\/comments?post=142"}],"version-history":[{"count":4,"href":"https:\/\/jancorbero.cat\/en\/wp-json\/wp\/v2\/pages\/142\/revisions"}],"predecessor-version":[{"id":166,"href":"https:\/\/jancorbero.cat\/en\/wp-json\/wp\/v2\/pages\/142\/revisions\/166"}],"wp:attachment":[{"href":"https:\/\/jancorbero.cat\/en\/wp-json\/wp\/v2\/media?parent=142"}],"curies":[{"name":"wp","href":"https:\/\/api.w.org\/{rel}","templated":true}]}}